{"id":1054,"date":"2019-05-07T16:20:31","date_gmt":"2019-05-07T14:20:31","guid":{"rendered":"https:\/\/jeanbracq.com\/en\/savoir-faire\/"},"modified":"2022-05-30T10:23:45","modified_gmt":"2022-05-30T08:23:45","slug":"know-how","status":"publish","type":"page","link":"https:\/\/www.jeanbracq.com\/en\/know-how\/","title":{"rendered":"Know how"},"content":{"rendered":"<div class=\"su-spacer\" style=\"height:20px\"><\/div>\n<div class=\"highlight color_white text_align_center etape magicline notopmagicline stepAnimation vertical_align_middle full_position cover  Cffffff bck\" data-img-width=\"\" data-img-height=\"\"  data-2x=\"\"  style=\"background-image: url(https:\/\/www.jeanbracq.com\/wp-content\/uploads\/Photo-Lourdissage.jpg); background-color: #ffffff; min-height: 816px\"><div class=\"highlight_content middle\"><span class=\"pseudo_container\" style=\"height: 816px\" data-min-height=\"816\"><div class=\"highlight_content_cover\">\n<div class=\"su-spacer\" style=\"height:320px\"><\/div>\n<div class=\"etape-title\">1<\/div>\n<h2>The warping<\/h2>\n<div class=\"su-spacer\" style=\"height:20px\"><\/div>\n<p>The first step initiated by the precision and meticulousness\u00a0of man while the machine keeps maintaining a perfect\u00a0tension to wrap thousands of threads to form the warp.<\/p>\n<\/div><\/span><\/div><\/div>\n<div class=\"highlight text_align_center etape magicline stepAnimation vertical_align_middle full_position cover  Cffffff\" style=\"background-color: #ffffff; min-height: 1100px\"><div class=\"highlight_content middle\"><span class=\"pseudo_container\" style=\"height: 1100px\" data-min-height=\"1100\"><div class=\"highlight_content_cover\">\n<div class=\"etape-title\">2<\/div>\n<div class=\"su-spacer\" style=\"height:50px\"><\/div>\n<img loading=\"lazy\" decoding=\"async\" width=\"1001\" height=\"500\" class=\"aligncenter size-full wp-image-817\" src=\"https:\/\/www.jeanbracq.com\/wp-content\/uploads\/Photo-Esquisse.jpg\" alt=\"\" data-2x=\"https:\/\/www.jeanbracq.com\/wp-content\/uploads\/Photo-Esquisse@2x.jpg\" srcset=\"https:\/\/www.jeanbracq.com\/wp-content\/uploads\/Photo-Esquisse.jpg 1001w, https:\/\/www.jeanbracq.com\/wp-content\/uploads\/Photo-Esquisse-250x125.jpg 250w, https:\/\/www.jeanbracq.com\/wp-content\/uploads\/Photo-Esquisse-768x384.jpg 768w, https:\/\/www.jeanbracq.com\/wp-content\/uploads\/Photo-Esquisse-700x350.jpg 700w, https:\/\/www.jeanbracq.com\/wp-content\/uploads\/Photo-Esquisse-120x60.jpg 120w, https:\/\/www.jeanbracq.com\/wp-content\/uploads\/Photo-Esquisse-1000x500.jpg 1000w\" sizes=\"auto, (max-width: 1001px) 100vw, 1001px\" \/><div class=\"su-spacer\" style=\"height:50px\"><\/div>\n<h2>The sketch<\/h2>\n<div class=\"su-spacer\" style=\"height:20px\"><\/div>\n<p>The path from drawing to fabric:<\/p>\n<p>The sketch artist creates the design to be translated into\u00a0the number of threads and fibers needed. The ballet of the\u00a0warp and weft threads intertwining faithfully executes the\u00a0creation.<\/p>\n<\/div><\/span><\/div><\/div>\n<div class=\"highlight color_white text_align_center etape magicline stepAnimation vertical_align_middle full_position cover  Cffffff bck\" data-img-width=\"\" data-img-height=\"\"  data-2x=\"\"  style=\"background-image: url(https:\/\/www.jeanbracq.com\/wp-content\/uploads\/Photo-Bobinage.jpg); background-color: #ffffff; min-height: 816px\"><div class=\"highlight_content middle\"><span class=\"pseudo_container\" style=\"height: 816px\" data-min-height=\"816\"><div class=\"highlight_content_cover\">\n<div class=\"su-spacer\" style=\"height:320px\"><\/div>\n<div class=\"etape-title\">3<\/div>\n<h2>The wheelage<\/h2>\n<div class=\"su-spacer\" style=\"height:20px\"><\/div>\n<p>A flick of the hand winds 150 meters of thread into the wheels\u00a0that are the heart of the Leavers loom. A delicate gesture\u00a0mastered by an expert brings to life the weaving of the lace.<\/p>\n<\/div><\/span><\/div><\/div>\n<div class=\"highlight text_align_center etape magicline stepAnimation vertical_align_middle full_position cover  Cffffff\" style=\"background-color: #ffffff; min-height: 1100px\"><div class=\"highlight_content middle\"><span class=\"pseudo_container\" style=\"height: 1100px\" data-min-height=\"1100\"><div class=\"highlight_content_cover\">\n<div class=\"etape-title\">4<\/div>\n<div class=\"su-spacer\" style=\"height:50px\"><\/div>\n<img loading=\"lazy\" decoding=\"async\" width=\"1001\" height=\"500\" class=\"aligncenter size-full wp-image-829\" src=\"https:\/\/www.jeanbracq.com\/wp-content\/uploads\/Photo-Remontage.jpg\" alt=\"\" data-2x=\"https:\/\/www.jeanbracq.com\/wp-content\/uploads\/Photo-Remontage@2x.jpg\" srcset=\"https:\/\/www.jeanbracq.com\/wp-content\/uploads\/Photo-Remontage.jpg 1001w, https:\/\/www.jeanbracq.com\/wp-content\/uploads\/Photo-Remontage-250x125.jpg 250w, https:\/\/www.jeanbracq.com\/wp-content\/uploads\/Photo-Remontage-768x384.jpg 768w, https:\/\/www.jeanbracq.com\/wp-content\/uploads\/Photo-Remontage-700x350.jpg 700w, https:\/\/www.jeanbracq.com\/wp-content\/uploads\/Photo-Remontage-120x60.jpg 120w, https:\/\/www.jeanbracq.com\/wp-content\/uploads\/Photo-Remontage-1000x500.jpg 1000w\" sizes=\"auto, (max-width: 1001px) 100vw, 1001px\" \/><div class=\"su-spacer\" style=\"height:50px\"><\/div>\n<h2>The reassembly<\/h2>\n<div class=\"su-spacer\" style=\"height:20px\"><\/div>\n<p>The final preparatory step before manufacturing the lace\u00a0requires the utmost dexterity and experience to place each\u00a0threaded bobbin into the trolley. The speed of rotation, the\u00a0exact placement of the thread is a unique know-how which\u00a0continues the tradition of lace making from Caudry.<\/p>\n<\/div><\/span><\/div><\/div>\n<div class=\"highlight color_white text_align_center etape magicline stepAnimation vertical_align_middle full_position cover  Cffffff bck\" data-img-width=\"\" data-img-height=\"\"  data-2x=\"\"  style=\"background-image: url(https:\/\/www.jeanbracq.com\/wp-content\/uploads\/Photo-Tulliste.jpg); background-color: #ffffff; min-height: 816px\"><div class=\"highlight_content middle\"><span class=\"pseudo_container\" style=\"height: 816px\" data-min-height=\"816\"><div class=\"highlight_content_cover\">\n<div class=\"su-spacer\" style=\"height:320px\"><\/div>\n<div class=\"etape-title\">5<\/div>\n<h2>The tullist<\/h2>\n<div class=\"su-spacer\" style=\"height:20px\"><\/div>\n<p>Like a symphony conductor, the tullist observes the\u00a0choreography of threads, each movement is carefully\u00a0watched to spot any broken threads. A skill acquired over\u00a0many years.<\/p>\n<\/div><\/span><\/div><\/div>\n<div class=\"highlight text_align_center etape magicline nobottommagicline stepAnimation vertical_align_middle full_position cover  Cffffff\" style=\"background-color: #ffffff; min-height: 980px\"><div class=\"highlight_content middle\"><span class=\"pseudo_container\" style=\"height: 980px\" data-min-height=\"980\"><div class=\"highlight_content_cover\">\n<div class=\"su-spacer\" style=\"height:130px\"><\/div>\n<div class=\"etape-title\">6<\/div>\n<div class=\"su-spacer\" style=\"height:50px\"><\/div>\n<img loading=\"lazy\" decoding=\"async\" width=\"1001\" height=\"500\" class=\"aligncenter size-full wp-image-819\" src=\"https:\/\/www.jeanbracq.com\/wp-content\/uploads\/Photo-Examen.jpg\" alt=\"\" data-2x=\"https:\/\/www.jeanbracq.com\/wp-content\/uploads\/Photo-Examen@2x.jpg\" srcset=\"https:\/\/www.jeanbracq.com\/wp-content\/uploads\/Photo-Examen.jpg 1001w, https:\/\/www.jeanbracq.com\/wp-content\/uploads\/Photo-Examen-250x125.jpg 250w, https:\/\/www.jeanbracq.com\/wp-content\/uploads\/Photo-Examen-768x384.jpg 768w, https:\/\/www.jeanbracq.com\/wp-content\/uploads\/Photo-Examen-700x350.jpg 700w, https:\/\/www.jeanbracq.com\/wp-content\/uploads\/Photo-Examen-120x60.jpg 120w, https:\/\/www.jeanbracq.com\/wp-content\/uploads\/Photo-Examen-1000x500.jpg 1000w\" sizes=\"auto, (max-width: 1001px) 100vw, 1001px\" \/><div class=\"su-spacer\" style=\"height:50px\"><\/div>\n<h2>The inspection<\/h2>\n<div class=\"su-spacer\" style=\"height:20px\"><\/div>\n<p>Coming off the loom, the delicate work of the inspectors\u00a0begins, they are charged with looking for any imperfections\u00a0that disturb the harmony and accuracy of the work.<\/p>\n<\/div><\/span><\/div><\/div>\n<div class=\"highlight text_align_center etape magicline nobottommagicline stepAnimation vertical_align_middle full_position cover  Cffffff\" style=\"background-color: #ffffff; min-height: 980px\"><div class=\"highlight_content middle\"><span class=\"pseudo_container\" style=\"height: 980px\" data-min-height=\"980\"><div class=\"highlight_content_cover\">\n<div class=\"su-spacer\" style=\"height:130px\"><\/div>\n<div class=\"etape-title\">7<\/div>\n<div class=\"su-spacer\" style=\"height:50px\"><\/div>\n<style>.embed-container { position: relative; padding-bottom: 56.25%; height: 0; overflow: hidden; max-width: 100%; } .embed-container iframe, .embed-container object, .embed-container embed { position: absolute; top: 0; left: 0; width: 100%; height: 100%; }<\/style>\n<div class=\"embed-container\"><iframe src=\"https:\/\/www.youtube.com\/embed\/\/0sMhp0nPHeA\" frameborder=\"0\" allowfullscreen=\"allowfullscreen\"><\/iframe><\/div>\n<div class=\"su-spacer\" style=\"height:50px\"><\/div>\n<style>.embed-container { position: relative; padding-bottom: 56.25%; height: 0; overflow: hidden; max-width: 100%; } .embed-container iframe, .embed-container object, .embed-container embed { position: absolute; top: 0; left: 0; width: 100%; height: 100%; }<\/style>\n<div class=\"embed-container\"><iframe loading=\"lazy\" width=\"560\" height=\"315\" src=\"https:\/\/www.youtube.com\/embed\/y5uX143hx38\" title=\"YouTube video player\" frameborder=\"0\" allow=\"accelerometer; autoplay; clipboard-write; encrypted-media; gyroscope; picture-in-picture\" allowfullscreen><\/iframe><\/div>\n<div class=\"su-spacer\" style=\"height:50px\"><\/div>\n<h2 style=\"text-align: left;\">LA DENTELLE DE CALAIS-CAUDRY\u00ae<\/h2>\n<p style=\"text-align: left;\"><div class=\"su-spacer\" style=\"height:20px\"><\/div>\n<p style=\"text-align: left;\">D\u00e9couvrez les \u00e9tapes de cr\u00e9ation de la dentelle de Calais-Caudry, un savoir-faire ancestral port\u00e9 par la \u00a9F\u00e9d\u00e9ration Fran\u00e7aise des Dentelles et Broderies\/Promotex.<\/p>\n<p style=\"text-align: left;\"><\/div><\/span><\/div><\/div><div class=\"su-spacer\" style=\"height:50px\"><\/div>\n","protected":false},"excerpt":{"rendered":"","protected":false},"author":1,"featured_media":1035,"parent":0,"menu_order":0,"comment_status":"closed","ping_status":"closed","template":"template-pagewithcover.php","meta":{"footnotes":""},"class_list":["post-1054","page","type-page","status-publish","has-post-thumbnail","hentry"],"yoast_head":"<!-- This site is optimized with the Yoast SEO plugin v26.8 - https:\/\/yoast.com\/product\/yoast-seo-wordpress\/ -->\n<title>Jean Bracq - Know how - Jean Bracq<\/title>\n<meta name=\"robots\" content=\"index, follow, max-snippet:-1, max-image-preview:large, max-video-preview:-1\" \/>\n<link rel=\"canonical\" href=\"https:\/\/www.jeanbracq.com\/en\/know-how\/\" \/>\n<meta property=\"og:locale\" content=\"en_US\" \/>\n<meta property=\"og:type\" content=\"article\" \/>\n<meta property=\"og:title\" content=\"Jean Bracq - Know how - Jean Bracq\" \/>\n<meta property=\"og:url\" content=\"https:\/\/www.jeanbracq.com\/en\/know-how\/\" \/>\n<meta property=\"og:site_name\" content=\"Jean Bracq\" \/>\n<meta property=\"article:modified_time\" content=\"2022-05-30T08:23:45+00:00\" \/>\n<meta property=\"og:image\" content=\"https:\/\/www.jeanbracq.com\/wp-content\/uploads\/imageedit_10_8807091824.jpg\" \/>\n\t<meta property=\"og:image:width\" content=\"558\" \/>\n\t<meta property=\"og:image:height\" content=\"558\" \/>\n\t<meta property=\"og:image:type\" content=\"image\/jpeg\" \/>\n<meta name=\"twitter:card\" content=\"summary_large_image\" \/>\n<meta name=\"twitter:label1\" content=\"Est. reading time\" \/>\n\t<meta name=\"twitter:data1\" content=\"3 minutes\" \/>\n<script type=\"application\/ld+json\" class=\"yoast-schema-graph\">{\"@context\":\"https:\/\/schema.org\",\"@graph\":[{\"@type\":\"WebPage\",\"@id\":\"https:\/\/www.jeanbracq.com\/en\/know-how\/\",\"url\":\"https:\/\/www.jeanbracq.com\/en\/know-how\/\",\"name\":\"Jean Bracq - Know how - Jean Bracq\",\"isPartOf\":{\"@id\":\"https:\/\/www.jeanbracq.com\/#website\"},\"primaryImageOfPage\":{\"@id\":\"https:\/\/www.jeanbracq.com\/en\/know-how\/#primaryimage\"},\"image\":{\"@id\":\"https:\/\/www.jeanbracq.com\/en\/know-how\/#primaryimage\"},\"thumbnailUrl\":\"https:\/\/www.jeanbracq.com\/wp-content\/uploads\/imageedit_10_8807091824.jpg\",\"datePublished\":\"2019-05-07T14:20:31+00:00\",\"dateModified\":\"2022-05-30T08:23:45+00:00\",\"breadcrumb\":{\"@id\":\"https:\/\/www.jeanbracq.com\/en\/know-how\/#breadcrumb\"},\"inLanguage\":\"en-US\",\"potentialAction\":[{\"@type\":\"ReadAction\",\"target\":[\"https:\/\/www.jeanbracq.com\/en\/know-how\/\"]}]},{\"@type\":\"ImageObject\",\"inLanguage\":\"en-US\",\"@id\":\"https:\/\/www.jeanbracq.com\/en\/know-how\/#primaryimage\",\"url\":\"https:\/\/www.jeanbracq.com\/wp-content\/uploads\/imageedit_10_8807091824.jpg\",\"contentUrl\":\"https:\/\/www.jeanbracq.com\/wp-content\/uploads\/imageedit_10_8807091824.jpg\",\"width\":558,\"height\":558},{\"@type\":\"BreadcrumbList\",\"@id\":\"https:\/\/www.jeanbracq.com\/en\/know-how\/#breadcrumb\",\"itemListElement\":[{\"@type\":\"ListItem\",\"position\":1,\"name\":\"Accueil\",\"item\":\"https:\/\/www.jeanbracq.com\/en\/\"},{\"@type\":\"ListItem\",\"position\":2,\"name\":\"Know how\"}]},{\"@type\":\"WebSite\",\"@id\":\"https:\/\/www.jeanbracq.com\/#website\",\"url\":\"https:\/\/www.jeanbracq.com\/\",\"name\":\"Jean Bracq\",\"description\":\"Dentelle de Calais-Caudry\u00ae depuis 1889\",\"publisher\":{\"@id\":\"https:\/\/www.jeanbracq.com\/#organization\"},\"potentialAction\":[{\"@type\":\"SearchAction\",\"target\":{\"@type\":\"EntryPoint\",\"urlTemplate\":\"https:\/\/www.jeanbracq.com\/?s={search_term_string}\"},\"query-input\":{\"@type\":\"PropertyValueSpecification\",\"valueRequired\":true,\"valueName\":\"search_term_string\"}}],\"inLanguage\":\"en-US\"},{\"@type\":\"Organization\",\"@id\":\"https:\/\/www.jeanbracq.com\/#organization\",\"name\":\"Jean Bracq\",\"url\":\"https:\/\/www.jeanbracq.com\/\",\"logo\":{\"@type\":\"ImageObject\",\"inLanguage\":\"en-US\",\"@id\":\"https:\/\/www.jeanbracq.com\/#\/schema\/logo\/image\/\",\"url\":\"https:\/\/www.jeanbracq.com\/wp-content\/uploads\/Logo-JeanBracq.svg\",\"contentUrl\":\"https:\/\/www.jeanbracq.com\/wp-content\/uploads\/Logo-JeanBracq.svg\",\"width\":1,\"height\":1,\"caption\":\"Jean Bracq\"},\"image\":{\"@id\":\"https:\/\/www.jeanbracq.com\/#\/schema\/logo\/image\/\"}}]}<\/script>\n<!-- \/ Yoast SEO plugin. -->","yoast_head_json":{"title":"Jean Bracq - Know how - Jean Bracq","robots":{"index":"index","follow":"follow","max-snippet":"max-snippet:-1","max-image-preview":"max-image-preview:large","max-video-preview":"max-video-preview:-1"},"canonical":"https:\/\/www.jeanbracq.com\/en\/know-how\/","og_locale":"en_US","og_type":"article","og_title":"Jean Bracq - Know how - Jean Bracq","og_url":"https:\/\/www.jeanbracq.com\/en\/know-how\/","og_site_name":"Jean Bracq","article_modified_time":"2022-05-30T08:23:45+00:00","og_image":[{"width":558,"height":558,"url":"https:\/\/www.jeanbracq.com\/wp-content\/uploads\/imageedit_10_8807091824.jpg","type":"image\/jpeg"}],"twitter_card":"summary_large_image","twitter_misc":{"Est. reading time":"3 minutes"},"schema":{"@context":"https:\/\/schema.org","@graph":[{"@type":"WebPage","@id":"https:\/\/www.jeanbracq.com\/en\/know-how\/","url":"https:\/\/www.jeanbracq.com\/en\/know-how\/","name":"Jean Bracq - Know how - Jean Bracq","isPartOf":{"@id":"https:\/\/www.jeanbracq.com\/#website"},"primaryImageOfPage":{"@id":"https:\/\/www.jeanbracq.com\/en\/know-how\/#primaryimage"},"image":{"@id":"https:\/\/www.jeanbracq.com\/en\/know-how\/#primaryimage"},"thumbnailUrl":"https:\/\/www.jeanbracq.com\/wp-content\/uploads\/imageedit_10_8807091824.jpg","datePublished":"2019-05-07T14:20:31+00:00","dateModified":"2022-05-30T08:23:45+00:00","breadcrumb":{"@id":"https:\/\/www.jeanbracq.com\/en\/know-how\/#breadcrumb"},"inLanguage":"en-US","potentialAction":[{"@type":"ReadAction","target":["https:\/\/www.jeanbracq.com\/en\/know-how\/"]}]},{"@type":"ImageObject","inLanguage":"en-US","@id":"https:\/\/www.jeanbracq.com\/en\/know-how\/#primaryimage","url":"https:\/\/www.jeanbracq.com\/wp-content\/uploads\/imageedit_10_8807091824.jpg","contentUrl":"https:\/\/www.jeanbracq.com\/wp-content\/uploads\/imageedit_10_8807091824.jpg","width":558,"height":558},{"@type":"BreadcrumbList","@id":"https:\/\/www.jeanbracq.com\/en\/know-how\/#breadcrumb","itemListElement":[{"@type":"ListItem","position":1,"name":"Accueil","item":"https:\/\/www.jeanbracq.com\/en\/"},{"@type":"ListItem","position":2,"name":"Know how"}]},{"@type":"WebSite","@id":"https:\/\/www.jeanbracq.com\/#website","url":"https:\/\/www.jeanbracq.com\/","name":"Jean Bracq","description":"Dentelle de Calais-Caudry\u00ae depuis 1889","publisher":{"@id":"https:\/\/www.jeanbracq.com\/#organization"},"potentialAction":[{"@type":"SearchAction","target":{"@type":"EntryPoint","urlTemplate":"https:\/\/www.jeanbracq.com\/?s={search_term_string}"},"query-input":{"@type":"PropertyValueSpecification","valueRequired":true,"valueName":"search_term_string"}}],"inLanguage":"en-US"},{"@type":"Organization","@id":"https:\/\/www.jeanbracq.com\/#organization","name":"Jean Bracq","url":"https:\/\/www.jeanbracq.com\/","logo":{"@type":"ImageObject","inLanguage":"en-US","@id":"https:\/\/www.jeanbracq.com\/#\/schema\/logo\/image\/","url":"https:\/\/www.jeanbracq.com\/wp-content\/uploads\/Logo-JeanBracq.svg","contentUrl":"https:\/\/www.jeanbracq.com\/wp-content\/uploads\/Logo-JeanBracq.svg","width":1,"height":1,"caption":"Jean Bracq"},"image":{"@id":"https:\/\/www.jeanbracq.com\/#\/schema\/logo\/image\/"}}]}},"_links":{"self":[{"href":"https:\/\/www.jeanbracq.com\/en\/wp-json\/wp\/v2\/pages\/1054","targetHints":{"allow":["GET"]}}],"collection":[{"href":"https:\/\/www.jeanbracq.com\/en\/wp-json\/wp\/v2\/pages"}],"about":[{"href":"https:\/\/www.jeanbracq.com\/en\/wp-json\/wp\/v2\/types\/page"}],"author":[{"embeddable":true,"href":"https:\/\/www.jeanbracq.com\/en\/wp-json\/wp\/v2\/users\/1"}],"replies":[{"embeddable":true,"href":"https:\/\/www.jeanbracq.com\/en\/wp-json\/wp\/v2\/comments?post=1054"}],"version-history":[{"count":8,"href":"https:\/\/www.jeanbracq.com\/en\/wp-json\/wp\/v2\/pages\/1054\/revisions"}],"predecessor-version":[{"id":1802,"href":"https:\/\/www.jeanbracq.com\/en\/wp-json\/wp\/v2\/pages\/1054\/revisions\/1802"}],"wp:featuredmedia":[{"embeddable":true,"href":"https:\/\/www.jeanbracq.com\/en\/wp-json\/wp\/v2\/media\/1035"}],"wp:attachment":[{"href":"https:\/\/www.jeanbracq.com\/en\/wp-json\/wp\/v2\/media?parent=1054"}],"curies":[{"name":"wp","href":"https:\/\/api.w.org\/{rel}","templated":true}]}}