{"id":1057,"date":"2019-05-20T17:29:03","date_gmt":"2019-05-20T15:29:03","guid":{"rendered":"https:\/\/jeanbracq.com\/en\/collections\/"},"modified":"2020-02-25T12:32:14","modified_gmt":"2020-02-25T11:32:14","slug":"lace-collections-2","status":"publish","type":"page","link":"https:\/\/www.jeanbracq.com\/en\/lace-collections-2\/","title":{"rendered":"The collections"},"content":{"rendered":"<h2 style=\"text-align: center;\"><strong><span style=\"font-size: 24pt;\"><a style=\"color: #000000;\" href=\"https:\/\/www.pinterest.fr\/dentellesbracq\/boards\/\">D\u00e9couvrez les collections de la Maison Jean Bracq sur Pinterest. <\/a><br \/>\n<span style=\"color: #000000;\"><a style=\"color: #000000;\" href=\"https:\/\/www.pinterest.fr\/dentellesbracq\/boards\/\">@dentellesjeanbracq<\/a><\/span><br \/>\n<\/span><\/strong><\/h2>\n<h3 style=\"text-align: center;\"><div class=\"su-spacer\" style=\"height:50px\"><\/div>\nRetrouvez une partie de nos collections et nos mod\u00e8les embl\u00e9matiques dans la collection &#8220;Les Essentielles&#8221;. Vous pourrez disposer dans les meilleurs d\u00e9lais de certaines de nos r\u00e9f\u00e9rences de dentelles de Calais-Caudry ou de dentelles de Lyon.<br \/>\n<div class=\"su-spacer\" style=\"height:50px\"><\/div><\/h3>\n<h2>Exclusive collection<\/h2>\n<p>Chaque saison, les esquisseurs de notre bureau de style, enrichissent notre collection d\u2019une vingtaine de nouveaux dessins. Notre \u00e9quipe, toujours au plus pr\u00e8s des tendances, cr\u00e9e des mod\u00e8les sur commande et en exclusivit\u00e9 pour nos clients. La biblioth\u00e8que de notre patrimoine de plus d&#8217;un si\u00e8cle offre l&#8217;inspiration de redonner vie \u00e0 des motifs spectaculaires.<br \/>\n<div class=\"su-spacer\" style=\"height:50px\"><\/div>\n<h2>Essential collection<\/h2>\n<p>In the &#8220;Les Essentielles&#8221; collection you will find or discover emblematic lace models from our Maison Jean Bracq. You can choose from a selection of lace of our creation, white lace, black lace, Lyon lace, Chantilly lace, hand-embroidered lace&#8230; and in many colours. They are available for immediate delivery.<br \/>\n<div class=\"su-spacer\" style=\"height:50px\"><\/div>\n","protected":false},"excerpt":{"rendered":"D\u00e9couvrez les collections de la Maison Jean Bracq sur Pinterest. @dentellesjeanbracq Retrouvez une partie de nos collections et nos mod\u00e8les embl\u00e9matiques dans la collection &#8220;Les Essentielles&#8221;. Vous pourrez disposer dans les meilleurs d\u00e9lais de certaines de nos r\u00e9f\u00e9rences de dentelles de Calais-Caudry ou de dentelles de Lyon. Exclusive collection Chaque saison, les esquisseurs de notre&#8230; <a class=\"view-article\" href=\"https:\/\/www.jeanbracq.com\/en\/lace-collections-2\/\">View Article<\/a>","protected":false},"author":1,"featured_media":1035,"parent":0,"menu_order":0,"comment_status":"closed","ping_status":"closed","template":"template-pagewithcover.php","meta":{"footnotes":""},"class_list":["post-1057","page","type-page","status-publish","has-post-thumbnail","hentry"],"yoast_head":"<!-- This site is optimized with the Yoast SEO plugin v26.8 - https:\/\/yoast.com\/product\/yoast-seo-wordpress\/ -->\n<title>The Calais-Caudry Lace collections - Jean Bracq<\/title>\n<meta name=\"description\" content=\"This collection offers the essential references of Calais-Caudry Lace of House Jean Bracq, available for immediate delivery.\" \/>\n<meta name=\"robots\" content=\"index, follow, max-snippet:-1, max-image-preview:large, max-video-preview:-1\" \/>\n<link rel=\"canonical\" href=\"https:\/\/www.jeanbracq.com\/en\/lace-collections-2\/\" \/>\n<meta property=\"og:locale\" content=\"en_US\" \/>\n<meta property=\"og:type\" content=\"article\" \/>\n<meta property=\"og:title\" content=\"The Calais-Caudry Lace collections - Jean Bracq\" \/>\n<meta property=\"og:description\" content=\"This collection offers the essential references of Calais-Caudry Lace of House Jean Bracq, available for immediate delivery.\" \/>\n<meta property=\"og:url\" content=\"https:\/\/www.jeanbracq.com\/en\/lace-collections-2\/\" \/>\n<meta property=\"og:site_name\" content=\"Jean Bracq\" \/>\n<meta property=\"article:modified_time\" content=\"2020-02-25T11:32:14+00:00\" \/>\n<meta property=\"og:image\" content=\"https:\/\/www.jeanbracq.com\/wp-content\/uploads\/imageedit_10_8807091824.jpg\" \/>\n\t<meta property=\"og:image:width\" content=\"558\" \/>\n\t<meta property=\"og:image:height\" content=\"558\" \/>\n\t<meta property=\"og:image:type\" content=\"image\/jpeg\" \/>\n<meta name=\"twitter:card\" content=\"summary_large_image\" \/>\n<meta name=\"twitter:label1\" content=\"Est. reading time\" \/>\n\t<meta name=\"twitter:data1\" content=\"1 minute\" \/>\n<script type=\"application\/ld+json\" class=\"yoast-schema-graph\">{\"@context\":\"https:\/\/schema.org\",\"@graph\":[{\"@type\":\"WebPage\",\"@id\":\"https:\/\/www.jeanbracq.com\/en\/lace-collections-2\/\",\"url\":\"https:\/\/www.jeanbracq.com\/en\/lace-collections-2\/\",\"name\":\"The Calais-Caudry Lace collections - Jean Bracq\",\"isPartOf\":{\"@id\":\"https:\/\/www.jeanbracq.com\/#website\"},\"primaryImageOfPage\":{\"@id\":\"https:\/\/www.jeanbracq.com\/en\/lace-collections-2\/#primaryimage\"},\"image\":{\"@id\":\"https:\/\/www.jeanbracq.com\/en\/lace-collections-2\/#primaryimage\"},\"thumbnailUrl\":\"https:\/\/www.jeanbracq.com\/wp-content\/uploads\/imageedit_10_8807091824.jpg\",\"datePublished\":\"2019-05-20T15:29:03+00:00\",\"dateModified\":\"2020-02-25T11:32:14+00:00\",\"description\":\"This collection offers the essential references of Calais-Caudry Lace of House Jean Bracq, available for immediate delivery.\",\"breadcrumb\":{\"@id\":\"https:\/\/www.jeanbracq.com\/en\/lace-collections-2\/#breadcrumb\"},\"inLanguage\":\"en-US\",\"potentialAction\":[{\"@type\":\"ReadAction\",\"target\":[\"https:\/\/www.jeanbracq.com\/en\/lace-collections-2\/\"]}]},{\"@type\":\"ImageObject\",\"inLanguage\":\"en-US\",\"@id\":\"https:\/\/www.jeanbracq.com\/en\/lace-collections-2\/#primaryimage\",\"url\":\"https:\/\/www.jeanbracq.com\/wp-content\/uploads\/imageedit_10_8807091824.jpg\",\"contentUrl\":\"https:\/\/www.jeanbracq.com\/wp-content\/uploads\/imageedit_10_8807091824.jpg\",\"width\":558,\"height\":558},{\"@type\":\"BreadcrumbList\",\"@id\":\"https:\/\/www.jeanbracq.com\/en\/lace-collections-2\/#breadcrumb\",\"itemListElement\":[{\"@type\":\"ListItem\",\"position\":1,\"name\":\"Accueil\",\"item\":\"https:\/\/www.jeanbracq.com\/en\/\"},{\"@type\":\"ListItem\",\"position\":2,\"name\":\"The collections\"}]},{\"@type\":\"WebSite\",\"@id\":\"https:\/\/www.jeanbracq.com\/#website\",\"url\":\"https:\/\/www.jeanbracq.com\/\",\"name\":\"Jean Bracq\",\"description\":\"Dentelle de Calais-Caudry\u00ae depuis 1889\",\"publisher\":{\"@id\":\"https:\/\/www.jeanbracq.com\/#organization\"},\"potentialAction\":[{\"@type\":\"SearchAction\",\"target\":{\"@type\":\"EntryPoint\",\"urlTemplate\":\"https:\/\/www.jeanbracq.com\/?s={search_term_string}\"},\"query-input\":{\"@type\":\"PropertyValueSpecification\",\"valueRequired\":true,\"valueName\":\"search_term_string\"}}],\"inLanguage\":\"en-US\"},{\"@type\":\"Organization\",\"@id\":\"https:\/\/www.jeanbracq.com\/#organization\",\"name\":\"Jean Bracq\",\"url\":\"https:\/\/www.jeanbracq.com\/\",\"logo\":{\"@type\":\"ImageObject\",\"inLanguage\":\"en-US\",\"@id\":\"https:\/\/www.jeanbracq.com\/#\/schema\/logo\/image\/\",\"url\":\"https:\/\/www.jeanbracq.com\/wp-content\/uploads\/Logo-JeanBracq.svg\",\"contentUrl\":\"https:\/\/www.jeanbracq.com\/wp-content\/uploads\/Logo-JeanBracq.svg\",\"width\":1,\"height\":1,\"caption\":\"Jean Bracq\"},\"image\":{\"@id\":\"https:\/\/www.jeanbracq.com\/#\/schema\/logo\/image\/\"}}]}<\/script>\n<!-- \/ Yoast SEO plugin. -->","yoast_head_json":{"title":"The Calais-Caudry Lace collections - Jean Bracq","description":"This collection offers the essential references of Calais-Caudry Lace of House Jean Bracq, available for immediate delivery.","robots":{"index":"index","follow":"follow","max-snippet":"max-snippet:-1","max-image-preview":"max-image-preview:large","max-video-preview":"max-video-preview:-1"},"canonical":"https:\/\/www.jeanbracq.com\/en\/lace-collections-2\/","og_locale":"en_US","og_type":"article","og_title":"The Calais-Caudry Lace collections - Jean Bracq","og_description":"This collection offers the essential references of Calais-Caudry Lace of House Jean Bracq, available for immediate delivery.","og_url":"https:\/\/www.jeanbracq.com\/en\/lace-collections-2\/","og_site_name":"Jean Bracq","article_modified_time":"2020-02-25T11:32:14+00:00","og_image":[{"width":558,"height":558,"url":"https:\/\/www.jeanbracq.com\/wp-content\/uploads\/imageedit_10_8807091824.jpg","type":"image\/jpeg"}],"twitter_card":"summary_large_image","twitter_misc":{"Est. reading time":"1 minute"},"schema":{"@context":"https:\/\/schema.org","@graph":[{"@type":"WebPage","@id":"https:\/\/www.jeanbracq.com\/en\/lace-collections-2\/","url":"https:\/\/www.jeanbracq.com\/en\/lace-collections-2\/","name":"The Calais-Caudry Lace collections - Jean Bracq","isPartOf":{"@id":"https:\/\/www.jeanbracq.com\/#website"},"primaryImageOfPage":{"@id":"https:\/\/www.jeanbracq.com\/en\/lace-collections-2\/#primaryimage"},"image":{"@id":"https:\/\/www.jeanbracq.com\/en\/lace-collections-2\/#primaryimage"},"thumbnailUrl":"https:\/\/www.jeanbracq.com\/wp-content\/uploads\/imageedit_10_8807091824.jpg","datePublished":"2019-05-20T15:29:03+00:00","dateModified":"2020-02-25T11:32:14+00:00","description":"This collection offers the essential references of Calais-Caudry Lace of House Jean Bracq, available for immediate delivery.","breadcrumb":{"@id":"https:\/\/www.jeanbracq.com\/en\/lace-collections-2\/#breadcrumb"},"inLanguage":"en-US","potentialAction":[{"@type":"ReadAction","target":["https:\/\/www.jeanbracq.com\/en\/lace-collections-2\/"]}]},{"@type":"ImageObject","inLanguage":"en-US","@id":"https:\/\/www.jeanbracq.com\/en\/lace-collections-2\/#primaryimage","url":"https:\/\/www.jeanbracq.com\/wp-content\/uploads\/imageedit_10_8807091824.jpg","contentUrl":"https:\/\/www.jeanbracq.com\/wp-content\/uploads\/imageedit_10_8807091824.jpg","width":558,"height":558},{"@type":"BreadcrumbList","@id":"https:\/\/www.jeanbracq.com\/en\/lace-collections-2\/#breadcrumb","itemListElement":[{"@type":"ListItem","position":1,"name":"Accueil","item":"https:\/\/www.jeanbracq.com\/en\/"},{"@type":"ListItem","position":2,"name":"The collections"}]},{"@type":"WebSite","@id":"https:\/\/www.jeanbracq.com\/#website","url":"https:\/\/www.jeanbracq.com\/","name":"Jean Bracq","description":"Dentelle de Calais-Caudry\u00ae depuis 1889","publisher":{"@id":"https:\/\/www.jeanbracq.com\/#organization"},"potentialAction":[{"@type":"SearchAction","target":{"@type":"EntryPoint","urlTemplate":"https:\/\/www.jeanbracq.com\/?s={search_term_string}"},"query-input":{"@type":"PropertyValueSpecification","valueRequired":true,"valueName":"search_term_string"}}],"inLanguage":"en-US"},{"@type":"Organization","@id":"https:\/\/www.jeanbracq.com\/#organization","name":"Jean Bracq","url":"https:\/\/www.jeanbracq.com\/","logo":{"@type":"ImageObject","inLanguage":"en-US","@id":"https:\/\/www.jeanbracq.com\/#\/schema\/logo\/image\/","url":"https:\/\/www.jeanbracq.com\/wp-content\/uploads\/Logo-JeanBracq.svg","contentUrl":"https:\/\/www.jeanbracq.com\/wp-content\/uploads\/Logo-JeanBracq.svg","width":1,"height":1,"caption":"Jean Bracq"},"image":{"@id":"https:\/\/www.jeanbracq.com\/#\/schema\/logo\/image\/"}}]}},"_links":{"self":[{"href":"https:\/\/www.jeanbracq.com\/en\/wp-json\/wp\/v2\/pages\/1057","targetHints":{"allow":["GET"]}}],"collection":[{"href":"https:\/\/www.jeanbracq.com\/en\/wp-json\/wp\/v2\/pages"}],"about":[{"href":"https:\/\/www.jeanbracq.com\/en\/wp-json\/wp\/v2\/types\/page"}],"author":[{"embeddable":true,"href":"https:\/\/www.jeanbracq.com\/en\/wp-json\/wp\/v2\/users\/1"}],"replies":[{"embeddable":true,"href":"https:\/\/www.jeanbracq.com\/en\/wp-json\/wp\/v2\/comments?post=1057"}],"version-history":[{"count":9,"href":"https:\/\/www.jeanbracq.com\/en\/wp-json\/wp\/v2\/pages\/1057\/revisions"}],"predecessor-version":[{"id":1719,"href":"https:\/\/www.jeanbracq.com\/en\/wp-json\/wp\/v2\/pages\/1057\/revisions\/1719"}],"wp:featuredmedia":[{"embeddable":true,"href":"https:\/\/www.jeanbracq.com\/en\/wp-json\/wp\/v2\/media\/1035"}],"wp:attachment":[{"href":"https:\/\/www.jeanbracq.com\/en\/wp-json\/wp\/v2\/media?parent=1057"}],"curies":[{"name":"wp","href":"https:\/\/api.w.org\/{rel}","templated":true}]}}